{"id":2,"date":"2016-04-09T20:41:36","date_gmt":"2016-04-09T19:41:36","guid":{"rendered":"http:\/\/www.informatiquecorse.eu\/wp\/?page_id=2"},"modified":"2016-11-22T12:31:30","modified_gmt":"2016-11-22T11:31:30","slug":"page-d-exemple","status":"publish","type":"page","link":"https:\/\/www.informatiquecorse.eu\/wp\/","title":{"rendered":"Corse Diffusion Informatique"},"content":{"rendered":"<div id=\"pl-2\"><div class=\"panel-grid\" id=\"pg-2-0\" ><div style=\"padding: 100px 0; \" data-overlay=\"true\" class=\"panel-row-style\" ><div class=\"panel-grid-cell\" id=\"pgc-2-0-0\" ><div class=\"so-panel widget widget_sow-editor panel-first-child panel-last-child\" id=\"panel-2-0-0-0\" data-index=\"0\"><div style=\"text-align: left;\" data-title-color=\"#443f3f\" data-headings-color=\"#443f3f\" class=\"panel-widget-style\" ><div class=\"so-widget-sow-editor so-widget-sow-editor-base\"><h3 class=\"widget-title\">Qui sommes-nous ?<\/h3>\n<div class=\"siteorigin-widget-tinymce textwidget\">\n\t<p><strong>Corse Diffusion Informatique<\/strong> est une soci\u00e9t\u00e9 de services informatiques qui propose, depuis 1983, des solutions innovantes pour accompagner le d\u00e9veloppement technologique et la croissance des entreprises insulaires.<\/p>\n<p>Au cours des trente derni\u00e8res ann\u00e9es, nous avons d\u00e9velopp\u00e9 une expertise et un savoir-faire de premier plan, nous permettant de consolider un portefeuille client de plus de 850 entreprises comptant parmi les plus importantes de la r\u00e9gion.<\/p>\n<p>Sp\u00e9cialis\u00e9 dans les r\u00e9seaux, les serveurs, la communication et la s\u00e9curit\u00e9, notre c\u0153ur de m\u00e9tier s\u2019est adapt\u00e9 \u00e0 la convergence des technologies num\u00e9riques pour proposer la mise en \u0153uvre de solutions globales \u00e0 forte valeur ajout\u00e9e.<\/p>\n<p>Nos comp\u00e9tences nous permettent aujourd\u2019hui d\u2019agr\u00e9ger des architectures complexes et des solutions int\u00e9gr\u00e9es, mobilisant toutes les technologies n\u00e9cessaires \u00e0 l\u2019optimisation des performances et de la s\u00e9curit\u00e9 de nos clients.<\/p>\n<p>Fort de cette exp\u00e9rience, nous sommes en capacit\u00e9 de d\u00e9livrer des prestations et des installations sur-mesure, adapt\u00e9es aux besoins des entreprises locales, mais \u00e9galement de garantir un service de maintenance et de d\u00e9pannage rapide sur l\u2019ensemble du territoire.<\/p>\n<\/div>\n<\/div><\/div><\/div><\/div><\/div><\/div><\/div>","protected":false},"excerpt":{"rendered":"<p>Qui sommes-nous ? Corse Diffusion Informatique est une soci\u00e9t\u00e9 de services informatiques qui propose, depuis 1983, des solutions innovantes pour accompagner le d\u00e9veloppement technologique et la croissance des entreprises insulaires. Au cours des trente derni\u00e8res ann\u00e9es, nous avons d\u00e9velopp\u00e9 une expertise et un savoir-faire de premier plan, nous permettant de consolider un portefeuille client de [&hellip;]<\/p>\n","protected":false},"author":1,"featured_media":0,"parent":0,"menu_order":0,"comment_status":"closed","ping_status":"open","template":"","meta":[],"_links":{"self":[{"href":"https:\/\/www.informatiquecorse.eu\/wp\/index.php?rest_route=\/wp\/v2\/pages\/2"}],"collection":[{"href":"https:\/\/www.informatiquecorse.eu\/wp\/index.php?rest_route=\/wp\/v2\/pages"}],"about":[{"href":"https:\/\/www.informatiquecorse.eu\/wp\/index.php?rest_route=\/wp\/v2\/types\/page"}],"author":[{"embeddable":true,"href":"https:\/\/www.informatiquecorse.eu\/wp\/index.php?rest_route=\/wp\/v2\/users\/1"}],"replies":[{"embeddable":true,"href":"https:\/\/www.informatiquecorse.eu\/wp\/index.php?rest_route=%2Fwp%2Fv2%2Fcomments&post=2"}],"version-history":[{"count":22,"href":"https:\/\/www.informatiquecorse.eu\/wp\/index.php?rest_route=\/wp\/v2\/pages\/2\/revisions"}],"predecessor-version":[{"id":13,"href":"https:\/\/www.informatiquecorse.eu\/wp\/index.php?rest_route=\/wp\/v2\/pages\/2\/revisions\/13"}],"wp:attachment":[{"href":"https:\/\/www.informatiquecorse.eu\/wp\/index.php?rest_route=%2Fwp%2Fv2%2Fmedia&parent=2"}],"curies":[{"name":"wp","href":"https:\/\/api.w.org\/{rel}","templated":true}]}}